{"id":437,"date":"2025-06-17T11:59:15","date_gmt":"2025-06-17T09:59:15","guid":{"rendered":"https:\/\/bien-dans-sa-tete.com\/?page_id=437"},"modified":"2025-06-17T12:16:49","modified_gmt":"2025-06-17T10:16:49","slug":"ethique-et-engagements","status":"publish","type":"page","link":"https:\/\/bien-dans-sa-tete.com\/index.php\/ethique-et-engagements\/","title":{"rendered":"Ethique et engagements"},"content":{"rendered":"\n<h1 class=\"wp-block-heading\">Mes engagements \u00e9thiques<\/h1>\n\n\n\n<p>En tant que th\u00e9rapeute et formateur, j\u2019accorde une importance fondamentale \u00e0 l\u2019\u00e9thique, au respect du cadre th\u00e9rapeutique, et \u00e0 la qualit\u00e9 de la relation avec chaque personne que j\u2019accompagne.<\/p>\n\n\n\n<h2 class=\"wp-block-heading\">\ud83d\udd37 Un cadre clair et professionnel<\/h2>\n\n\n\n<p>Ma pratique s\u2019inscrit dans le respect des recommandations du <strong>Syndicat Unitaire des Professionnels de l\u2019Hypnose (SUP-H)<\/strong>, qui d\u00e9fend une hypnose :<\/p>\n\n\n\n<ul class=\"wp-block-list\">\n<li>Respectueuse de l\u2019individu et de son autonomie<\/li>\n\n\n\n<li>Bas\u00e9e sur une formation s\u00e9rieuse, continue et certifiante<\/li>\n\n\n\n<li>Pratiqu\u00e9e dans un cadre bien d\u00e9fini et sans promesse irr\u00e9aliste<\/li>\n\n\n\n<li>Inscrite dans une posture d\u2019\u00e9coute active, de non-jugement et de bienveillance<\/li>\n<\/ul>\n\n\n\n<p>\ud83d\udc49<a href=\"https:\/\/sup-h.org\/suph\/deontologie\/?doing_wp_cron=1750154871.4181830883026123046875\" data-type=\"link\" data-id=\"https:\/\/sup-h.org\/suph\/deontologie\/?doing_wp_cron=1750154871.4181830883026123046875\"> D\u00e9couvrir la charte \u00e9thique du SUP-H<\/a><\/p>\n\n\n\n<figure class=\"wp-block-image size-full\"><img loading=\"lazy\" decoding=\"async\" width=\"595\" height=\"841\" src=\"https:\/\/bien-dans-sa-tete.com\/wp-content\/uploads\/2025\/06\/SUP_H_AFFICHE_BE_PRATICIENS_A4.png\" alt=\"\" class=\"wp-image-444\" srcset=\"https:\/\/bien-dans-sa-tete.com\/wp-content\/uploads\/2025\/06\/SUP_H_AFFICHE_BE_PRATICIENS_A4.png 595w, https:\/\/bien-dans-sa-tete.com\/wp-content\/uploads\/2025\/06\/SUP_H_AFFICHE_BE_PRATICIENS_A4-212x300.png 212w\" sizes=\"auto, (max-width: 595px) 100vw, 595px\" \/><\/figure>\n\n\n\n<h2 class=\"wp-block-heading\">\ud83d\udd10 Confidentialit\u00e9 et respect<\/h2>\n\n\n\n<p>Je garantis la confidentialit\u00e9 de tout ce qui est partag\u00e9 en s\u00e9ance. Aucun enregistrement n\u2019est r\u00e9alis\u00e9 sans consentement explicite. Je m\u2019engage \u00e0 accueillir chacun.e sans jugement, dans un cadre bienveillant, et \u00e0 respecter les limites de mon champ de comp\u00e9tence.<\/p>\n\n\n\n<h2 class=\"wp-block-heading\">\ud83d\udcda Formation continue<\/h2>\n\n\n\n<p>Je continue \u00e0 me former r\u00e9guli\u00e8rement, \u00e0 superviser ma pratique, et \u00e0 rester inform\u00e9 des \u00e9volutions dans les domaines de la th\u00e9rapie br\u00e8ve, de l\u2019hypnose, de la syst\u00e9mique et de la relation d\u2019aide.<\/p>\n\n\n\n<p>\ud83d\udc49 Pour toute question sur mon cadre de travail, n\u2019h\u00e9sitez pas \u00e0 me <a href=\"https:\/\/bien-dans-sa-tete.com\/index.php\/contact\/\" data-type=\"page\" data-id=\"18\">contacter ici.<\/a><\/p>\n\n\n\n<p><\/p>\n","protected":false},"excerpt":{"rendered":"<p>Mes engagements \u00e9thiques En tant que th\u00e9rapeute et formateur, j\u2019accorde une importance fondamentale \u00e0 l\u2019\u00e9thique, au respect du cadre th\u00e9rapeutique, et \u00e0 la qualit\u00e9 de la relation avec chaque personne que j\u2019accompagne. \ud83d\udd37 Un cadre clair et professionnel Ma pratique s\u2019inscrit dans le respect des recommandations du Syndicat Unitaire des Professionnels de l\u2019Hypnose (SUP-H), qui&#8230;<\/p>\n","protected":false},"author":1,"featured_media":0,"parent":0,"menu_order":0,"comment_status":"closed","ping_status":"closed","template":"","meta":{"_kadence_starter_templates_imported_post":false,"_kad_post_transparent":"","_kad_post_title":"","_kad_post_layout":"","_kad_post_sidebar_id":"","_kad_post_content_style":"","_kad_post_vertical_padding":"","_kad_post_feature":"","_kad_post_feature_position":"","_kad_post_header":false,"_kad_post_footer":false,"footnotes":""},"class_list":["post-437","page","type-page","status-publish","hentry"],"_links":{"self":[{"href":"https:\/\/bien-dans-sa-tete.com\/index.php\/wp-json\/wp\/v2\/pages\/437","targetHints":{"allow":["GET"]}}],"collection":[{"href":"https:\/\/bien-dans-sa-tete.com\/index.php\/wp-json\/wp\/v2\/pages"}],"about":[{"href":"https:\/\/bien-dans-sa-tete.com\/index.php\/wp-json\/wp\/v2\/types\/page"}],"author":[{"embeddable":true,"href":"https:\/\/bien-dans-sa-tete.com\/index.php\/wp-json\/wp\/v2\/users\/1"}],"replies":[{"embeddable":true,"href":"https:\/\/bien-dans-sa-tete.com\/index.php\/wp-json\/wp\/v2\/comments?post=437"}],"version-history":[{"count":2,"href":"https:\/\/bien-dans-sa-tete.com\/index.php\/wp-json\/wp\/v2\/pages\/437\/revisions"}],"predecessor-version":[{"id":448,"href":"https:\/\/bien-dans-sa-tete.com\/index.php\/wp-json\/wp\/v2\/pages\/437\/revisions\/448"}],"wp:attachment":[{"href":"https:\/\/bien-dans-sa-tete.com\/index.php\/wp-json\/wp\/v2\/media?parent=437"}],"curies":[{"name":"wp","href":"https:\/\/api.w.org\/{rel}","templated":true}]}}