{"id":59,"date":"2017-04-20T00:18:20","date_gmt":"2017-04-19T22:18:20","guid":{"rendered":"http:\/\/bien-dans-sa-tete.com\/?page_id=59"},"modified":"2017-04-26T18:23:51","modified_gmt":"2017-04-26T16:23:51","slug":"quest-ce-quun-pychopraticien","status":"publish","type":"page","link":"https:\/\/bien-dans-sa-tete.com\/index.php\/quest-ce-quun-pychopraticien\/","title":{"rendered":"Qu\u2019est ce qu\u2019un psychopraticien ?"},"content":{"rendered":"<div class=\"n module-type-header diyfeLiveArea \">\n<p style=\"text-align: justify;\">Psychopraticien c\u2019est la d\u00e9nomination port\u00e9e par la personne ayant suivi une formation en psychoth\u00e9rapie.<\/p>\n<\/div>\n<div class=\"n module-type-text diyfeLiveArea \">\n<p style=\"text-align: justify;\">Les syndicats repr\u00e9sentatifs de la profession se sont mis d\u2019accord sur le terme de psychopraticien \u2013 qui peut \u00e9ventuellement \u00eatre assorti du qualificatif \u00ab certifi\u00e9 \u00bb ou \u00ab relationnel \u00bb. Il ne s\u2019agit donc pas d\u2019un titre, mais de la d\u00e9nomination d\u2019une activit\u00e9 professionnelle, comme celle d\u2019ing\u00e9nieur ou de chef d\u2019entreprise, mais qui a \u00e9t\u00e9 d\u00e9pos\u00e9e \u00e0 l\u2019Institut national de la propri\u00e9t\u00e9 industrielle (INPI) en 2009.<\/p>\n<p style=\"text-align: justify;\">Pour obtenir le titre de Psychopraticien, il faut avoir suivi une formation compl\u00e8te \u00e0 une m\u00e9thode reconnue: <strong>programmation neurolinguistique, gestalt-th\u00e9rapie, analyse transactionnelle, hypnose \u00e9ricksonienne, approches psychocorporelles\u2026<\/strong> Suivre une formation en psychologie et en psychopathologie clinique ; avoir une supervision tout au long de sa pratique ; se conformer \u00e0 la charte d\u00e9ontologie de sa profession et \u00eatre accr\u00e9dit\u00e9 par une commission nationale de pairs sont \u00e9galement des incontournables.<\/p>\n<p style=\"text-align: justify;\">Un Psychopraticien issue d&rsquo;une \u00e9cole affichant la mention \u00ab formation certifiante \u00bb, se voit d\u00e9cerner une attestation \u00e0 la fin d\u2019un cycle de formation. Ces attestations ne sont pas reconnues par l\u2019\u00c9tat, mais dans la plupart des cas par les f\u00e9d\u00e9rations d\u2019une m\u00eame m\u00e9thode<\/p>\n<p style=\"text-align: justify;\">Sous couvert de vouloir r\u00e9glementer la profession et de prot\u00e9ger les patients, le nouveau titre l\u00e9gal de \u00abpsychoth\u00e9rapeute \u00bb d\u00e9fini par la loi d\u2019ao\u00fbt 2009 et le d\u00e9cret de mai 2010 est maintenant r\u00e9serv\u00e9 aux psychiatres, ainsi qu\u2019aux m\u00e9decins qui auront effectu\u00e9 quelques stages, aux psychanalystes et psychologues moyennant des formations compl\u00e9mentaires, aux \u00ab anciens \u00bb psychoth\u00e9rapeutes qui ont plus de cinq ans d\u2019exercice et devront passer devant une commission.<\/p>\n<p style=\"text-align: justify;\">Le Psychopraticien n&rsquo;est ni m\u00e9decin, ni psychiatre, ni psychologue ou encore psychanalyste. Il n&rsquo;a donc pas vocation \u00e0 \u00e9tablir un diagnostique, ne prescrit pas de m\u00e9dicament ni d&rsquo;arr\u00eat maladie. Son intervention n&rsquo;est pas non plus rembours\u00e9e par la s\u00e9curit\u00e9 sociale.<\/p>\n<\/div>\n","protected":false},"excerpt":{"rendered":"<p>Psychopraticien c\u2019est la d\u00e9nomination port\u00e9e par la personne ayant suivi une formation en psychoth\u00e9rapie. Les syndicats repr\u00e9sentatifs de la profession se sont mis d\u2019accord sur le terme de psychopraticien \u2013 qui peut \u00e9ventuellement \u00eatre assorti du qualificatif \u00ab certifi\u00e9 \u00bb ou \u00ab relationnel \u00bb. Il ne s\u2019agit donc pas d\u2019un titre, mais de la d\u00e9nomination&#8230;<\/p>\n","protected":false},"author":1,"featured_media":0,"parent":0,"menu_order":0,"comment_status":"closed","ping_status":"closed","template":"","meta":{"_kadence_starter_templates_imported_post":false,"_kad_post_transparent":"","_kad_post_title":"","_kad_post_layout":"","_kad_post_sidebar_id":"","_kad_post_content_style":"","_kad_post_vertical_padding":"","_kad_post_feature":"","_kad_post_feature_position":"","_kad_post_header":false,"_kad_post_footer":false,"footnotes":""},"class_list":["post-59","page","type-page","status-publish","hentry"],"_links":{"self":[{"href":"https:\/\/bien-dans-sa-tete.com\/index.php\/wp-json\/wp\/v2\/pages\/59","targetHints":{"allow":["GET"]}}],"collection":[{"href":"https:\/\/bien-dans-sa-tete.com\/index.php\/wp-json\/wp\/v2\/pages"}],"about":[{"href":"https:\/\/bien-dans-sa-tete.com\/index.php\/wp-json\/wp\/v2\/types\/page"}],"author":[{"embeddable":true,"href":"https:\/\/bien-dans-sa-tete.com\/index.php\/wp-json\/wp\/v2\/users\/1"}],"replies":[{"embeddable":true,"href":"https:\/\/bien-dans-sa-tete.com\/index.php\/wp-json\/wp\/v2\/comments?post=59"}],"version-history":[{"count":8,"href":"https:\/\/bien-dans-sa-tete.com\/index.php\/wp-json\/wp\/v2\/pages\/59\/revisions"}],"predecessor-version":[{"id":243,"href":"https:\/\/bien-dans-sa-tete.com\/index.php\/wp-json\/wp\/v2\/pages\/59\/revisions\/243"}],"wp:attachment":[{"href":"https:\/\/bien-dans-sa-tete.com\/index.php\/wp-json\/wp\/v2\/media?parent=59"}],"curies":[{"name":"wp","href":"https:\/\/api.w.org\/{rel}","templated":true}]}}