{"id":61,"date":"2017-04-20T00:19:02","date_gmt":"2017-04-19T22:19:02","guid":{"rendered":"http:\/\/bien-dans-sa-tete.com\/?page_id=61"},"modified":"2017-04-26T18:08:44","modified_gmt":"2017-04-26T16:08:44","slug":"la-programmation-neuro-linguistique-pnl","status":"publish","type":"page","link":"https:\/\/bien-dans-sa-tete.com\/index.php\/la-programmation-neuro-linguistique-pnl\/","title":{"rendered":"La Programmation Neuro Linguistique (PNL)"},"content":{"rendered":"<div class=\"mks_col \">\n<div class=\"mks_one_half \">\n<p>&nbsp;<\/p>\n<h1>La Programmation Neuro Linguistique (PNL)<\/h1>\n<\/div>\n<div class=\"mks_one_half \">\n<p><img loading=\"lazy\" decoding=\"async\" class=\"alignnone size-medium wp-image-158\" src=\"https:\/\/bien-dans-sa-tete.com\/wp-content\/uploads\/2017\/04\/INLPTA_logo-300x241.png\" alt=\"\" width=\"300\" height=\"241\" srcset=\"https:\/\/bien-dans-sa-tete.com\/wp-content\/uploads\/2017\/04\/INLPTA_logo-300x241.png 300w, https:\/\/bien-dans-sa-tete.com\/wp-content\/uploads\/2017\/04\/INLPTA_logo.png 734w\" sizes=\"auto, (max-width: 300px) 100vw, 300px\" \/><\/p>\n<\/div>\n<\/div>\n<p>&nbsp;<\/p>\n<p style=\"text-align: justify;\">La Programmation Neuro-Linguistique (acronyme fran\u00e7ais\u00a0: \u00ab\u00a0<strong>PNL<\/strong>\u00a0\u00bb, \u00ab\u00a0<abbr class=\"abbr\" lang=\"en\" title=\"Neuro-Linguistic programming\" xml:lang=\"en\"><em>NLP<\/em><\/abbr>\u00a0\u00bb en anglais) est un outil centr\u00e9 sur la communication, l&rsquo;apprentissage et le changement de la personne.<\/p>\n<p style=\"text-align: justify;\">\n<p style=\"text-align: justify;\">La PNL est un ensemble de techniques de communication et de transformation de soi qui s\u2019int\u00e9resse \u00e0 la structure de nos r\u00e9actions plut\u00f4t qu\u2019aux origines de nos comportements. Elle privil\u00e9gie le comment au pourquoi, propose une grille d\u2019observation pour am\u00e9liorer la perception que nous avons de nous-m\u00eames et des autres. Elle permet \u00e9galement de se fixer des objectifs et de les atteindre. C\u2019est une bo\u00eete \u00e0 outils, dont la cl\u00e9 r\u00e9side dans le langage et l\u2019utilisation que chacun de nous fait de ses cinq sens et de son corps. Son but : permettre de programmer et reproduire ses propres mod\u00e8les de r\u00e9ussite.<\/p>\n<p style=\"text-align: justify;\">\n<p style=\"text-align: justify;\"><strong>La programmation<\/strong> : est en lien avec les fa\u00e7ons de penser, de ressentir et de se comporter que l&rsquo;individu met en place et emploie dans diff\u00e9rentes situations de son existence.<\/p>\n<p style=\"text-align: justify;\">\n<p style=\"text-align: justify;\"><strong>Neuro<\/strong> : cette dimension renvoie \u00e0 l&rsquo;activit\u00e9 neurologique dont d\u00e9pendent nos processus cognitifs, comportementaux et emotionnel.<\/p>\n<p style=\"text-align: justify;\">\n<p style=\"text-align: justify;\"><strong>Linguistique<\/strong> : le langage est le reflet de la fa\u00e7on dont se structurent les pens\u00e9es.<\/p>\n<p style=\"text-align: justify;\">\n<p style=\"text-align: justify;\">En bref, la PNL utilise le langage pour d\u00e9cripter les processus interne de notre cerveau qui g\u00e9n\u00e8rent les ressentis et les comportements. C&rsquo;est un outils dont la puissance mise au service de l&rsquo;individu peut l&rsquo;accompagner dans les changement qu&rsquo;il d\u00e9sire.<\/p>\n<p style=\"text-align: justify;\">\n<p style=\"text-align: justify;\">La PNL a \u00e9t\u00e9 mise au point en 1972 aux Etats-Unis par <a title=\"John Grinder\" href=\"http:\/\/fr.wikipedia.org\/wiki\/John_Grinder\" target=\"_blank\" rel=\"noopener noreferrer\">John Grinder<\/a>, professeur de linguistique, et <a title=\"Richard Bandler\" href=\"http:\/\/fr.wikipedia.org\/wiki\/Richard_Bandler\" target=\"_blank\" rel=\"noopener noreferrer\">Richard Bandler<\/a>, math\u00e9maticien et psychoth\u00e9rapeute. Les deux hommes avaient d\u00e9cid\u00e9 d\u2019\u00e9tudier les excellents r\u00e9sultats obtenus par certains professionnels de la psychoth\u00e9rapie et de la communication, parmi lesquels <a title=\"Fritz Perls\" href=\"http:\/\/fr.wikipedia.org\/wiki\/Fritz_Perls\" target=\"_blank\" rel=\"noopener noreferrer\">Fritz Perls<\/a>, le fondateur de la <a href=\"http:\/\/www.psychologies.com\/Therapies\/Toutes-les-therapies\/Psychotherapies\/Articles-et-Dossiers\/La-Gestalt-therapie\" target=\"_self\">Gestalt-th\u00e9rapie<\/a>, <a title=\"Milton Erickson\" href=\"http:\/\/fr.wikipedia.org\/wiki\/Milton_Erickson\" target=\"_blank\" rel=\"noopener noreferrer\">Milton Erickson<\/a>, le p\u00e8re de l&rsquo;<a href=\"https:\/\/bien-dans-sa-tete.com\/index.php\/lhypnose-ericksonienne\/\">Hypnose Ericksonienne<\/a>, et\u00a0<a title=\"Virginia Satir\" href=\"http:\/\/fr.wikipedia.org\/wiki\/Virginia_Satir\" target=\"_blank\" rel=\"noopener noreferrer\">Virginia Satir<\/a>, un mod\u00e8le de r\u00e9ussite en mati\u00e8re de th\u00e9rapie familiale. Bandler et Grinder r\u00e9solurent de r\u00e9unir en une seule m\u00e9thode les \u00e9l\u00e9ments disparates identifi\u00e9s chez ces As de la communication, afin de d\u00e9finir les termes d\u2019un savoir-faire conduisant \u00e0 coup s\u00fbr au succ\u00e8s<\/p>\n<p style=\"text-align: justify;\">\n<p style=\"text-align: justify;\">Lorsque Bandler et Grinder inventent le terme de \u00ab\u00a0PNL\u00a0\u00bb, leur d\u00e9marche s&rsquo;inscrit uniquement dans le domaine de la psychoth\u00e9rapie. Autour de 1980, la pratique de la PNL s&rsquo;est \u00e9largie et ses concepteurs se sont alors int\u00e9ress\u00e9s \u00e0 d&rsquo;autres domaines comme ceux de la cr\u00e9ativit\u00e9, du sport, du management, de la p\u00e9dagogie, et de la communication.<\/p>\n<p>&nbsp;<\/p>\n","protected":false},"excerpt":{"rendered":"<p>&nbsp; La Programmation Neuro-Linguistique (acronyme fran\u00e7ais\u00a0: \u00ab\u00a0PNL\u00a0\u00bb, \u00ab\u00a0NLP\u00a0\u00bb en anglais) est un outil centr\u00e9 sur la communication, l&rsquo;apprentissage et le changement de la personne. La PNL est un ensemble de techniques de communication et de transformation de soi qui s\u2019int\u00e9resse \u00e0 la structure de nos r\u00e9actions plut\u00f4t qu\u2019aux origines de nos comportements. Elle privil\u00e9gie le&#8230;<\/p>\n","protected":false},"author":1,"featured_media":0,"parent":0,"menu_order":0,"comment_status":"closed","ping_status":"closed","template":"","meta":{"_kadence_starter_templates_imported_post":false,"_kad_post_transparent":"","_kad_post_title":"","_kad_post_layout":"","_kad_post_sidebar_id":"","_kad_post_content_style":"","_kad_post_vertical_padding":"","_kad_post_feature":"","_kad_post_feature_position":"","_kad_post_header":false,"_kad_post_footer":false,"footnotes":""},"class_list":["post-61","page","type-page","status-publish","hentry"],"_links":{"self":[{"href":"https:\/\/bien-dans-sa-tete.com\/index.php\/wp-json\/wp\/v2\/pages\/61","targetHints":{"allow":["GET"]}}],"collection":[{"href":"https:\/\/bien-dans-sa-tete.com\/index.php\/wp-json\/wp\/v2\/pages"}],"about":[{"href":"https:\/\/bien-dans-sa-tete.com\/index.php\/wp-json\/wp\/v2\/types\/page"}],"author":[{"embeddable":true,"href":"https:\/\/bien-dans-sa-tete.com\/index.php\/wp-json\/wp\/v2\/users\/1"}],"replies":[{"embeddable":true,"href":"https:\/\/bien-dans-sa-tete.com\/index.php\/wp-json\/wp\/v2\/comments?post=61"}],"version-history":[{"count":7,"href":"https:\/\/bien-dans-sa-tete.com\/index.php\/wp-json\/wp\/v2\/pages\/61\/revisions"}],"predecessor-version":[{"id":237,"href":"https:\/\/bien-dans-sa-tete.com\/index.php\/wp-json\/wp\/v2\/pages\/61\/revisions\/237"}],"wp:attachment":[{"href":"https:\/\/bien-dans-sa-tete.com\/index.php\/wp-json\/wp\/v2\/media?parent=61"}],"curies":[{"name":"wp","href":"https:\/\/api.w.org\/{rel}","templated":true}]}}