{"id":63,"date":"2017-04-20T00:19:40","date_gmt":"2017-04-19T22:19:40","guid":{"rendered":"http:\/\/bien-dans-sa-tete.com\/?page_id=63"},"modified":"2017-04-26T18:07:15","modified_gmt":"2017-04-26T16:07:15","slug":"lhypnose-ericksonienne","status":"publish","type":"page","link":"https:\/\/bien-dans-sa-tete.com\/index.php\/lhypnose-ericksonienne\/","title":{"rendered":"L&rsquo;hypnose Ericksonienne"},"content":{"rendered":"<div class=\"mks_col \">\n<div class=\"mks_one_half \">\n<h1>L&rsquo;hypnose Ericksonienne<\/h1>\n<\/div>\n<div class=\"mks_one_half \">\n<p><img loading=\"lazy\" decoding=\"async\" class=\"alignnone size-full wp-image-163\" src=\"https:\/\/bien-dans-sa-tete.com\/wp-content\/uploads\/2017\/04\/erickson.jpg\" alt=\"\" width=\"295\" height=\"238\" \/><\/p>\n<\/div>\n<\/div>\n<p style=\"text-align: justify;\">L&rsquo;Hypnose est un ph\u00e9nom\u00e8ne naturel que chacun exp\u00e9rimente r\u00e9guli\u00e8rement chaque jour. On l&rsquo;appelle aussi \u00ab\u00a0\u00e9tat de conscience modifi\u00e9e\u00a0\u00bb ou \u00ab\u00a0transe\u00a0\u00bb qui pourrait se traduire par une impression d&rsquo;\u00eatre l\u00e0 sans \u00eatre l\u00e0 et surtout comme un acc\u00e8s privill\u00e9gi\u00e9 \u00e0 l&rsquo;inconscient afin d&rsquo;y mobiliser des ressources ou g\u00e9n\u00e9rer des changements de comportements.<\/p>\n<p style=\"text-align: justify;\">\n<p style=\"text-align: justify;\">Ne vous \u00eates vous pas d\u00e9j\u00e0 surpris \u00e0 fixer un point intens\u00e9ment tout en ressentant un incofort \u00e0 l&rsquo;id\u00e9e de r\u00e9pondre \u00e0 l&rsquo;appel d&rsquo;un proche et de quitter cet \u00e9tat pour revenir \u00e0 la \u00ab\u00a0r\u00e9alit\u00e9\u00a0\u00bb?<\/p>\n<p style=\"text-align: justify;\">\n<p style=\"text-align: justify;\">Seriez vous d\u00e9j\u00e0 rentr\u00e9 chez vous, en voiture par exemple, sans m\u00eame vous \u00eatre rendu compte de la distance effectu\u00e9e, du trajet r\u00e9alis\u00e9, tout simplement parce que vous \u00eatiez \u00ab\u00a0ailleurs\u00a0\u00bb?<\/p>\n<p>&nbsp;<\/p>\n<p style=\"text-align: justify;\">Alors vous savez ce qu&rsquo;est l&rsquo;hypnose et vous savez maintenant que vous pouvez l&rsquo;utiliser autrement mieux dans un cadre th\u00e9rapeutique pour am\u00e9liorer votre quotidien.<\/p>\n<p style=\"text-align: justify;\">\n<p style=\"text-align: justify;\">Selon Milton Erickson, l&rsquo;inventeur de l&rsquo;Hypnose Ericksonienne (photo ci-dessus), l&rsquo;inconscient est naturellement bon et puissant et est \u00e9galement un r\u00e9servoir de ressources. Acc\u00e9der \u00e0 un \u00e9tat de de conscience modifi\u00e9e ou de transe permet donc un acc\u00e8s \u00e0 l&rsquo;inconscient.<\/p>\n<p style=\"text-align: justify;\">\n<p style=\"text-align: justify;\">\u00ab\u00a0La transe, d&rsquo;apr\u00e8s Erickson, est l&rsquo;\u00e9tat dans lequel l&rsquo;apprenstissage et l&rsquo;ouverture au changement peuvent se produire le plus ais\u00e9ment. Les patients ne sont pas mis sous l&rsquo;influence du th\u00e9rapeute, ni d\u00e9poss\u00e9d\u00e9s de leur contr\u00f4le et plac\u00e9s sous la d\u00e9pendance d&rsquo;autrui. La transe, en r\u00e9alit\u00e9, est un \u00e9tat naturel que nous avons tous exp\u00e9riment\u00e9. Notre exp\u00e9rience la plus famili\u00e8re en est la r\u00eaverie [&#8230;]. Dans ces situations (de transe), l&rsquo;individu est conscient de l&rsquo;acuit\u00e9 de ses exp\u00e9riences mentales int\u00e9rieurs et sensorielles, et les stimulis ext\u00e9rieurs, comme les sons et mouvements, prennent une moindre importance.\u00a0\u00bb<\/p>\n<p style=\"text-align: justify;\">\n<p style=\"text-align: justify;\" title=\"Programmation neuro-linguistique\">Caract\u00e9ris\u00e9e par une approche souple, indirecte (m\u00e9taphores) et non dirigiste, l&rsquo;hypnose Ericksonienne a donn\u00e9 naissance \u00e0 de nombreux courants de psychoth\u00e9rapie moderne\u00a0: Th\u00e9rapie familiale, <a href=\"https:\/\/bien-dans-sa-tete.com\/index.php\/la-therapie-breve-systemique\/\">Th\u00e9rapie br\u00e8ve<\/a> (strat\u00e9gique, syst\u00e9mique), P<a href=\"https:\/\/bien-dans-sa-tete.com\/index.php\/la-programmation-neuro-linguistique-pnl\/\">rogrammation neuro linguistique (PNL)<\/a>&#8230; et s&rsquo;inscrit donc en bon compl\u00e9ment d&rsquo;autres outils mis \u00e0 votre disposition pour simplement aller mieux.<\/p>\n","protected":false},"excerpt":{"rendered":"<p>L&rsquo;Hypnose est un ph\u00e9nom\u00e8ne naturel que chacun exp\u00e9rimente r\u00e9guli\u00e8rement chaque jour. On l&rsquo;appelle aussi \u00ab\u00a0\u00e9tat de conscience modifi\u00e9e\u00a0\u00bb ou \u00ab\u00a0transe\u00a0\u00bb qui pourrait se traduire par une impression d&rsquo;\u00eatre l\u00e0 sans \u00eatre l\u00e0 et surtout comme un acc\u00e8s privill\u00e9gi\u00e9 \u00e0 l&rsquo;inconscient afin d&rsquo;y mobiliser des ressources ou g\u00e9n\u00e9rer des changements de comportements. Ne vous \u00eates vous&#8230;<\/p>\n","protected":false},"author":1,"featured_media":0,"parent":0,"menu_order":0,"comment_status":"closed","ping_status":"closed","template":"","meta":{"_kadence_starter_templates_imported_post":false,"_kad_post_transparent":"","_kad_post_title":"","_kad_post_layout":"","_kad_post_sidebar_id":"","_kad_post_content_style":"","_kad_post_vertical_padding":"","_kad_post_feature":"","_kad_post_feature_position":"","_kad_post_header":false,"_kad_post_footer":false,"footnotes":""},"class_list":["post-63","page","type-page","status-publish","hentry"],"_links":{"self":[{"href":"https:\/\/bien-dans-sa-tete.com\/index.php\/wp-json\/wp\/v2\/pages\/63","targetHints":{"allow":["GET"]}}],"collection":[{"href":"https:\/\/bien-dans-sa-tete.com\/index.php\/wp-json\/wp\/v2\/pages"}],"about":[{"href":"https:\/\/bien-dans-sa-tete.com\/index.php\/wp-json\/wp\/v2\/types\/page"}],"author":[{"embeddable":true,"href":"https:\/\/bien-dans-sa-tete.com\/index.php\/wp-json\/wp\/v2\/users\/1"}],"replies":[{"embeddable":true,"href":"https:\/\/bien-dans-sa-tete.com\/index.php\/wp-json\/wp\/v2\/comments?post=63"}],"version-history":[{"count":6,"href":"https:\/\/bien-dans-sa-tete.com\/index.php\/wp-json\/wp\/v2\/pages\/63\/revisions"}],"predecessor-version":[{"id":236,"href":"https:\/\/bien-dans-sa-tete.com\/index.php\/wp-json\/wp\/v2\/pages\/63\/revisions\/236"}],"wp:attachment":[{"href":"https:\/\/bien-dans-sa-tete.com\/index.php\/wp-json\/wp\/v2\/media?parent=63"}],"curies":[{"name":"wp","href":"https:\/\/api.w.org\/{rel}","templated":true}]}}