{"id":65,"date":"2017-04-20T00:20:23","date_gmt":"2017-04-19T22:20:23","guid":{"rendered":"http:\/\/bien-dans-sa-tete.com\/?page_id=65"},"modified":"2017-04-26T18:17:29","modified_gmt":"2017-04-26T16:17:29","slug":"la-therapie-breve-systemique","status":"publish","type":"page","link":"https:\/\/bien-dans-sa-tete.com\/index.php\/la-therapie-breve-systemique\/","title":{"rendered":"La Th\u00e9rapie Br\u00e8ve Syst\u00e9mique"},"content":{"rendered":"<div class=\"mks_col \">\n<div class=\"mks_one_half \">\n<h1>La Th\u00e9rapie Br\u00e8ve Syst\u00e9mique<\/h1>\n<\/div>\n<div class=\"mks_one_half \">\n<p><img loading=\"lazy\" decoding=\"async\" class=\"alignnone size-medium wp-image-166\" src=\"https:\/\/bien-dans-sa-tete.com\/wp-content\/uploads\/2017\/04\/Syst\u00e9mique-300x198.jpg\" alt=\"\" width=\"300\" height=\"198\" srcset=\"https:\/\/bien-dans-sa-tete.com\/wp-content\/uploads\/2017\/04\/Syst\u00e9mique-300x198.jpg 300w, https:\/\/bien-dans-sa-tete.com\/wp-content\/uploads\/2017\/04\/Syst\u00e9mique.jpg 720w\" sizes=\"auto, (max-width: 300px) 100vw, 300px\" \/><\/p>\n<\/div>\n<\/div>\n<p style=\"text-align: justify;\">La th\u00e9rapie br\u00e8ve syst\u00e9mique tient compte de deux \u00e9l\u00e9ments : la bri\u00e9vet\u00e9 et la syst\u00e9mie.<\/p>\n<p style=\"text-align: justify;\"><strong>Le principe de la bri\u00e8vet\u00e9<\/strong><\/p>\n<p style=\"text-align: justify;\">Pour Nicholas Cummings, le client doit recevoir le nombre de s\u00e9ances dont il a besoin et il fait le constat que dans ce cadre:<\/p>\n<p style=\"text-align: justify;\">&#8211; 85% des clients vus viennent moins de 15 fois (moyenne = 8,6)<\/p>\n<p style=\"text-align: justify;\">La th\u00e9rapie br\u00e8ve peut donc durer de 1 \u00e0 15 s\u00e9ances.<\/p>\n<p style=\"text-align: justify;\"><em>\u00ab\u00a0Le client a droit au soulagement le plus rapide, le plus complet et le plus durable possible de sa souffrance et ce de la fa\u00e7on la moins envahissante qui soit. Je ne lui demanderai rien d&rsquo;ill\u00e9gal, rien d&rsquo;immoral, rien d&rsquo;impossible. En contrepartie, il fera tout pour me rendre inutile aussi vite que possible\u00a0\u00bb.<\/em><\/p>\n<p style=\"text-align: justify;\"><em>Nicholas Cummings<\/em><\/p>\n<p style=\"text-align: justify;\"><strong>Le principe syst\u00e9mique<\/strong><\/p>\n<p style=\"text-align: justify;\">C&rsquo;est r\u00e9solument une vision interactionnelle qui va guider le d\u00e9roulement de la th\u00e9rapie.<\/p>\n<p style=\"text-align: justify;\">L&rsquo;individu existe en relation avec l&rsquo;Autre. En couple, en famille, ou au sein d&rsquo;une \u00e9quipe, l&rsquo;individu int\u00e9ragit.<\/p>\n<p style=\"text-align: justify;\">Il va donc s&rsquo;agir d&rsquo;identifier et de mettre \u00e0 jour les relations des membres d&rsquo;un m\u00eame syst\u00e8me afin que l&rsquo;individu (appartenant \u00e0 ce syst\u00e8me) trouve son \u00e9quilibre.<\/p>\n","protected":false},"excerpt":{"rendered":"<p>La th\u00e9rapie br\u00e8ve syst\u00e9mique tient compte de deux \u00e9l\u00e9ments : la bri\u00e9vet\u00e9 et la syst\u00e9mie. Le principe de la bri\u00e8vet\u00e9 Pour Nicholas Cummings, le client doit recevoir le nombre de s\u00e9ances dont il a besoin et il fait le constat que dans ce cadre: &#8211; 85% des clients vus viennent moins de 15 fois (moyenne&#8230;<\/p>\n","protected":false},"author":1,"featured_media":0,"parent":0,"menu_order":0,"comment_status":"closed","ping_status":"closed","template":"","meta":{"_kadence_starter_templates_imported_post":false,"_kad_post_transparent":"","_kad_post_title":"","_kad_post_layout":"","_kad_post_sidebar_id":"","_kad_post_content_style":"","_kad_post_vertical_padding":"","_kad_post_feature":"","_kad_post_feature_position":"","_kad_post_header":false,"_kad_post_footer":false,"footnotes":""},"class_list":["post-65","page","type-page","status-publish","hentry"],"_links":{"self":[{"href":"https:\/\/bien-dans-sa-tete.com\/index.php\/wp-json\/wp\/v2\/pages\/65","targetHints":{"allow":["GET"]}}],"collection":[{"href":"https:\/\/bien-dans-sa-tete.com\/index.php\/wp-json\/wp\/v2\/pages"}],"about":[{"href":"https:\/\/bien-dans-sa-tete.com\/index.php\/wp-json\/wp\/v2\/types\/page"}],"author":[{"embeddable":true,"href":"https:\/\/bien-dans-sa-tete.com\/index.php\/wp-json\/wp\/v2\/users\/1"}],"replies":[{"embeddable":true,"href":"https:\/\/bien-dans-sa-tete.com\/index.php\/wp-json\/wp\/v2\/comments?post=65"}],"version-history":[{"count":5,"href":"https:\/\/bien-dans-sa-tete.com\/index.php\/wp-json\/wp\/v2\/pages\/65\/revisions"}],"predecessor-version":[{"id":239,"href":"https:\/\/bien-dans-sa-tete.com\/index.php\/wp-json\/wp\/v2\/pages\/65\/revisions\/239"}],"wp:attachment":[{"href":"https:\/\/bien-dans-sa-tete.com\/index.php\/wp-json\/wp\/v2\/media?parent=65"}],"curies":[{"name":"wp","href":"https:\/\/api.w.org\/{rel}","templated":true}]}}